{"id":96558,"date":"2023-09-08T12:59:35","date_gmt":"2023-09-08T12:59:35","guid":{"rendered":"http:\/\/gyergyoihoki.ro\/kapcsolat\/"},"modified":"2025-07-04T06:42:43","modified_gmt":"2025-07-04T06:42:43","slug":"contact","status":"publish","type":"page","link":"https:\/\/gyergyoihoki.ro\/en\/contact\/","title":{"rendered":"Contact"},"content":{"rendered":"\t\t<div data-elementor-type=\"wp-page\" data-elementor-id=\"96558\" class=\"elementor elementor-96558 elementor-94228\" data-elementor-post-type=\"page\">\n\t\t\t\t\t\t<section class=\"elementor-section elementor-top-section elementor-element elementor-element-89cbe51 elementor-section-boxed elementor-section-height-default elementor-section-height-default\" data-id=\"89cbe51\" data-element_type=\"section\" data-settings=\"{&quot;background_background&quot;:&quot;classic&quot;}\">\n\t\t\t\t\t\t<div class=\"elementor-container elementor-column-gap-default\">\n\t\t\t\t\t<div class=\"elementor-column elementor-col-100 elementor-top-column elementor-element elementor-element-3e740df\" data-id=\"3e740df\" data-element_type=\"column\" data-settings=\"{&quot;background_background&quot;:&quot;classic&quot;}\">\n\t\t\t<div class=\"elementor-widget-wrap elementor-element-populated\">\n\t\t\t\t\t\t<div class=\"elementor-element elementor-element-c2367e6 elementor-widget elementor-widget-heading\" data-id=\"c2367e6\" data-element_type=\"widget\" data-widget_type=\"heading.default\">\n\t\t\t\t<div class=\"elementor-widget-container\">\n\t\t\t\t\t<h2 class=\"elementor-heading-title elementor-size-default\">Contact<\/h2>\t\t\t\t<\/div>\n\t\t\t\t<\/div>\n\t\t\t\t<section class=\"elementor-section elementor-inner-section elementor-element elementor-element-dbd7151 elementor-section-boxed elementor-section-height-default elementor-section-height-default\" data-id=\"dbd7151\" data-element_type=\"section\">\n\t\t\t\t\t\t<div class=\"elementor-container elementor-column-gap-default\">\n\t\t\t\t\t<div class=\"elementor-column elementor-col-50 elementor-inner-column elementor-element elementor-element-e35d329\" data-id=\"e35d329\" data-element_type=\"column\">\n\t\t\t<div class=\"elementor-widget-wrap elementor-element-populated\">\n\t\t\t\t\t\t<div class=\"elementor-element elementor-element-60b18f3 elementor-widget__width-auto elementor-widget elementor-widget-text-editor\" data-id=\"60b18f3\" data-element_type=\"widget\" data-widget_type=\"text-editor.default\">\n\t\t\t\t<div class=\"elementor-widget-container\">\n\t\t\t\t\t\t\t\t\t<div class=\"OutlineElement Ltr SCXW210266455 BCX0\" style=\"-webkit-user-drag: none; -webkit-tap-highlight-color: transparent; margin: 0px; padding: 0px; user-select: text; clear: both; cursor: text; overflow: visible; position: relative; direction: ltr; color: #000000; font-family: 'Segoe UI', 'Segoe UI Web', Arial, Verdana, sans-serif; font-size: 12px; font-style: normal; font-variant-ligatures: normal; font-variant-caps: normal; font-weight: 400; letter-spacing: normal; orphans: 2; text-align: start; text-indent: 0px; text-transform: none; widows: 2; word-spacing: 0px; -webkit-text-stroke-width: 0px; white-space: normal; background-color: #ffffff; text-decoration-thickness: initial; text-decoration-style: initial; text-decoration-color: initial;\"><p class=\"Paragraph SCXW210266455 BCX0\" style=\"-webkit-user-drag: none; -webkit-tap-highlight-color: transparent; margin: 16px 0px; padding: 0px; user-select: text; overflow-wrap: break-word; white-space: pre-wrap; font-weight: normal; font-style: normal; vertical-align: baseline; font-kerning: none; background-color: transparent; color: windowtext; text-align: left; text-indent: 0px;\"><span class=\"TextRun SCXW210266455 BCX0\" lang=\"EN-US\" style=\"-webkit-user-drag: none; -webkit-tap-highlight-color: transparent; margin: 0px; padding: 0px; user-select: text; font-variant-ligatures: none !important; font-size: 12pt; line-height: 20.925px; font-family: Aptos, Aptos_EmbeddedFont, Aptos_MSFontService, sans-serif; font-weight: bold;\" data-contrast=\"auto\"><span class=\"NormalTextRun SpellingErrorV2Themed SCXW210266455 BCX0\" style=\"-webkit-user-drag: none; -webkit-tap-highlight-color: transparent; margin: 0px; padding: 0px; user-select: text; background-position: 0px 100%; background-repeat: repeat-x; border-bottom: 1px solid transparent;\">Asociatia<\/span><span class=\"NormalTextRun SCXW210266455 BCX0\" style=\"-webkit-user-drag: none; -webkit-tap-highlight-color: transparent; margin: 0px; padding: 0px; user-select: text;\"> Club <\/span><span class=\"NormalTextRun SpellingErrorV2Themed SCXW210266455 BCX0\" style=\"-webkit-user-drag: none; -webkit-tap-highlight-color: transparent; margin: 0px; padding: 0px; user-select: text; background-position: 0px 100%; background-repeat: repeat-x; border-bottom: 1px solid transparent;\">Sportiv<\/span><span class=\"NormalTextRun SCXW210266455 BCX0\" style=\"-webkit-user-drag: none; -webkit-tap-highlight-color: transparent; margin: 0px; padding: 0px; user-select: text;\"> Gyergy\u00f3i Hoki Klub \u2013 Club <\/span><span class=\"NormalTextRun SpellingErrorV2Themed SCXW210266455 BCX0\" style=\"-webkit-user-drag: none; -webkit-tap-highlight-color: transparent; margin: 0px; padding: 0px; user-select: text; background-position: 0px 100%; background-repeat: repeat-x; border-bottom: 1px solid transparent;\">Sportiv<\/span><span class=\"NormalTextRun SCXW210266455 BCX0\" style=\"-webkit-user-drag: none; -webkit-tap-highlight-color: transparent; margin: 0px; padding: 0px; user-select: text;\"> Hockey Club<\/span><\/span><span class=\"EOP SCXW210266455 BCX0\" style=\"-webkit-user-drag: none; -webkit-tap-highlight-color: transparent; margin: 0px; padding: 0px; user-select: text; font-size: 12pt; line-height: 20.925px; font-family: Aptos, Aptos_EmbeddedFont, Aptos_MSFontService, sans-serif;\" data-ccp-props=\"{&quot;134233117&quot;:false,&quot;134233118&quot;:false,&quot;335559738&quot;:240,&quot;335559739&quot;:240}\">\u00a0<\/span><\/p><\/div><div class=\"OutlineElement Ltr SCXW210266455 BCX0\" style=\"-webkit-user-drag: none; -webkit-tap-highlight-color: transparent; margin: 0px; padding: 0px; user-select: text; clear: both; cursor: text; overflow: visible; position: relative; direction: ltr; color: #000000; font-family: 'Segoe UI', 'Segoe UI Web', Arial, Verdana, sans-serif; font-size: 12px; font-style: normal; font-variant-ligatures: normal; font-variant-caps: normal; font-weight: 400; letter-spacing: normal; orphans: 2; text-align: start; text-indent: 0px; text-transform: none; widows: 2; word-spacing: 0px; -webkit-text-stroke-width: 0px; white-space: normal; background-color: #ffffff; text-decoration-thickness: initial; text-decoration-style: initial; text-decoration-color: initial;\"><p class=\"Paragraph SCXW210266455 BCX0\" style=\"-webkit-user-drag: none; -webkit-tap-highlight-color: transparent; margin: 0px 0px 10.6667px; padding: 0px; user-select: text; overflow-wrap: break-word; white-space: pre-wrap; font-weight: normal; font-style: normal; vertical-align: baseline; font-kerning: none; background-color: transparent; color: windowtext; text-align: left; text-indent: 0px;\"><span class=\"TextRun SCXW210266455 BCX0\" lang=\"EN-US\" style=\"-webkit-user-drag: none; -webkit-tap-highlight-color: transparent; margin: 0px; padding: 0px; user-select: text; font-variant-ligatures: none !important; font-size: 12pt; line-height: 20.925px; font-family: Aptos, Aptos_EmbeddedFont, Aptos_MSFontService, sans-serif;\" data-contrast=\"auto\"><span class=\"NormalTextRun SCXW210266455 BCX0\" style=\"-webkit-user-drag: none; -webkit-tap-highlight-color: transparent; margin: 0px; padding: 0px; user-select: text;\"><strong>Tax number:<\/strong> 37293066<\/span><\/span><span class=\"EOP SCXW210266455 BCX0\" style=\"-webkit-user-drag: none; -webkit-tap-highlight-color: transparent; margin: 0px; padding: 0px; user-select: text; font-size: 12pt; line-height: 20.925px; font-family: Aptos, Aptos_EmbeddedFont, Aptos_MSFontService, sans-serif;\" data-ccp-props=\"{}\">\u00a0<\/span><\/p><\/div><div class=\"OutlineElement Ltr SCXW210266455 BCX0\" style=\"-webkit-user-drag: none; -webkit-tap-highlight-color: transparent; margin: 0px; padding: 0px; user-select: text; clear: both; cursor: text; overflow: visible; position: relative; direction: ltr; color: #000000; font-family: 'Segoe UI', 'Segoe UI Web', Arial, Verdana, sans-serif; font-size: 12px; font-style: normal; font-variant-ligatures: normal; font-variant-caps: normal; font-weight: 400; letter-spacing: normal; orphans: 2; text-align: start; text-indent: 0px; text-transform: none; widows: 2; word-spacing: 0px; -webkit-text-stroke-width: 0px; white-space: normal; background-color: #ffffff; text-decoration-thickness: initial; text-decoration-style: initial; text-decoration-color: initial;\"><p class=\"Paragraph SCXW210266455 BCX0\" style=\"-webkit-user-drag: none; -webkit-tap-highlight-color: transparent; margin: 16px 0px; padding: 0px; user-select: text; overflow-wrap: break-word; white-space: pre-wrap; font-weight: normal; font-style: normal; vertical-align: baseline; font-kerning: none; background-color: transparent; color: windowtext; text-align: left; text-indent: 0px;\"><span class=\"TextRun SCXW210266455 BCX0\" lang=\"EN-US\" style=\"-webkit-user-drag: none; -webkit-tap-highlight-color: transparent; margin: 0px; padding: 0px; user-select: text; font-variant-ligatures: none !important; font-size: 12pt; line-height: 20.925px; font-family: Aptos, Aptos_EmbeddedFont, Aptos_MSFontService, sans-serif;\" data-contrast=\"auto\"><span class=\"NormalTextRun SpellingErrorV2Themed SCXW210266455 BCX0\" style=\"-webkit-user-drag: none; -webkit-tap-highlight-color: transparent; margin: 0px; padding: 0px; user-select: text; background-position: 0px 100%; background-repeat: repeat-x; border-bottom: 1px solid transparent;\"><strong>Head office:<\/strong> Str. Stadionului no. 7, Gheorgheni, Harghita County, Romania<\/span><\/span><span class=\"EOP SCXW210266455 BCX0\" style=\"-webkit-user-drag: none; -webkit-tap-highlight-color: transparent; margin: 0px; padding: 0px; user-select: text; font-size: 12pt; line-height: 20.925px; font-family: Aptos, Aptos_EmbeddedFont, Aptos_MSFontService, sans-serif;\" data-ccp-props=\"{&quot;134233117&quot;:false,&quot;134233118&quot;:false,&quot;335559738&quot;:240,&quot;335559739&quot;:240}\">\u00a0<\/span><\/p><\/div><div class=\"OutlineElement Ltr SCXW210266455 BCX0\" style=\"-webkit-user-drag: none; -webkit-tap-highlight-color: transparent; margin: 0px; padding: 0px; user-select: text; clear: both; cursor: text; overflow: visible; position: relative; direction: ltr; color: #000000; font-family: 'Segoe UI', 'Segoe UI Web', Arial, Verdana, sans-serif; font-size: 12px; font-style: normal; font-variant-ligatures: normal; font-variant-caps: normal; font-weight: 400; letter-spacing: normal; orphans: 2; text-align: start; text-indent: 0px; text-transform: none; widows: 2; word-spacing: 0px; -webkit-text-stroke-width: 0px; white-space: normal; background-color: #ffffff; text-decoration-thickness: initial; text-decoration-style: initial; text-decoration-color: initial;\"><p class=\"Paragraph SCXW210266455 BCX0\" style=\"-webkit-user-drag: none; -webkit-tap-highlight-color: transparent; margin: 16px 0px; padding: 0px; user-select: text; overflow-wrap: break-word; white-space: pre-wrap; font-weight: normal; font-style: normal; vertical-align: baseline; font-kerning: none; background-color: transparent; color: windowtext; text-align: left; text-indent: 0px;\"><span class=\"TextRun SCXW210266455 BCX0\" lang=\"EN-US\" style=\"-webkit-user-drag: none; -webkit-tap-highlight-color: transparent; margin: 0px; padding: 0px; user-select: text; font-variant-ligatures: none !important; font-size: 12pt; line-height: 20.925px; font-family: Aptos, Aptos_EmbeddedFont, Aptos_MSFontService, sans-serif; font-weight: bold;\" data-contrast=\"auto\"><span class=\"NormalTextRun SCXW210266455 BCX0\" style=\"-webkit-user-drag: none; -webkit-tap-highlight-color: transparent; margin: 0px; padding: 0px; user-select: text;\">E-mail:<\/span> <\/span><a href=\"mailto: office@gyergyoihoki.ro\"><span style=\"-webkit-user-drag: none; -webkit-tap-highlight-color: transparent; margin: 0px; padding: 0px; user-select: text; cursor: text; text-decoration: none; color: inherit;\"><span class=\"TextRun Underlined SCXW210266455 BCX0\" lang=\"EN-US\" style=\"-webkit-user-drag: none; -webkit-tap-highlight-color: transparent; margin: 0px; padding: 0px; user-select: text; font-variant-ligatures: none !important; color: #467886; font-size: 12pt; text-decoration: underline; line-height: 20.925px; font-family: Aptos, Aptos_EmbeddedFont, Aptos_MSFontService, sans-serif;\" data-contrast=\"none\"><span class=\"NormalTextRun SCXW210266455 BCX0\" style=\"-webkit-user-drag: none; -webkit-tap-highlight-color: transparent; margin: 0px; padding: 0px; user-select: text;\" data-ccp-charstyle=\"Hyperlink\">office<\/span><span class=\"NormalTextRun SCXW210266455 BCX0\" style=\"-webkit-user-drag: none; -webkit-tap-highlight-color: transparent; margin: 0px; padding: 0px; user-select: text;\" data-ccp-charstyle=\"Hyperlink\">@gyergyoihoki.ro<\/span><\/span><\/span><\/a><span class=\"EOP SCXW210266455 BCX0\" style=\"-webkit-user-drag: none; -webkit-tap-highlight-color: transparent; margin: 0px; padding: 0px; user-select: text; font-size: 12pt; line-height: 20.925px; font-family: Aptos, Aptos_EmbeddedFont, Aptos_MSFontService, sans-serif;\" data-ccp-props=\"{&quot;134233117&quot;:false,&quot;134233118&quot;:false,&quot;335559738&quot;:240,&quot;335559739&quot;:240}\">\u00a0<\/span><\/p><\/div><div class=\"OutlineElement Ltr SCXW210266455 BCX0\" style=\"-webkit-user-drag: none; -webkit-tap-highlight-color: transparent; margin: 0px; padding: 0px; user-select: text; clear: both; cursor: text; overflow: visible; position: relative; direction: ltr; color: #000000; font-family: 'Segoe UI', 'Segoe UI Web', Arial, Verdana, sans-serif; font-size: 12px; font-style: normal; font-variant-ligatures: normal; font-variant-caps: normal; font-weight: 400; letter-spacing: normal; orphans: 2; text-align: start; text-indent: 0px; text-transform: none; widows: 2; word-spacing: 0px; -webkit-text-stroke-width: 0px; white-space: normal; background-color: #ffffff; text-decoration-thickness: initial; text-decoration-style: initial; text-decoration-color: initial;\"><p class=\"Paragraph SCXW210266455 BCX0\" style=\"-webkit-user-drag: none; -webkit-tap-highlight-color: transparent; margin: 16px 0px; padding: 0px; user-select: text; overflow-wrap: break-word; white-space: pre-wrap; font-weight: normal; font-style: normal; vertical-align: baseline; font-kerning: none; background-color: transparent; color: windowtext; text-align: left; text-indent: 0px;\"><span class=\"TextRun SCXW210266455 BCX0\" lang=\"EN-US\" style=\"-webkit-user-drag: none; -webkit-tap-highlight-color: transparent; margin: 0px; padding: 0px; user-select: text; font-variant-ligatures: none !important; font-size: 12pt; line-height: 20.925px; font-family: Aptos, Aptos_EmbeddedFont, Aptos_MSFontService, sans-serif; font-weight: bold;\" data-contrast=\"auto\"><span class=\"NormalTextRun SCXW210266455 BCX0\" style=\"-webkit-user-drag: none; -webkit-tap-highlight-color: transparent; margin: 0px; padding: 0px; user-select: text;\">Web:<\/span><span class=\"NormalTextRun SCXW210266455 BCX0\" style=\"-webkit-user-drag: none; -webkit-tap-highlight-color: transparent; margin: 0px; padding: 0px; user-select: text;\">\u00a0<\/span><\/span> <a href=\"http:\/\/www.gyergyoihoki.ro\/\"><span style=\"-webkit-user-drag: none; -webkit-tap-highlight-color: transparent; margin: 0px; padding: 0px; user-select: text; cursor: text; text-decoration: none; color: inherit;\"><span class=\"TextRun Underlined SCXW210266455 BCX0\" lang=\"EN-US\" style=\"-webkit-user-drag: none; -webkit-tap-highlight-color: transparent; margin: 0px; padding: 0px; user-select: text; font-variant-ligatures: none !important; color: #467886; font-size: 12pt; text-decoration: underline; line-height: 20.925px; font-family: Aptos, Aptos_EmbeddedFont, Aptos_MSFontService, sans-serif;\" data-contrast=\"none\"><span class=\"NormalTextRun SCXW210266455 BCX0\" style=\"-webkit-user-drag: none; -webkit-tap-highlight-color: transparent; margin: 0px; padding: 0px; user-select: text;\" data-ccp-charstyle=\"Hyperlink\">www.gyergyoihoki.ro<\/span><\/span><\/span><\/a><span class=\"EOP SCXW210266455 BCX0\" style=\"-webkit-user-drag: none; -webkit-tap-highlight-color: transparent; margin: 0px; padding: 0px; user-select: text; font-size: 12pt; line-height: 20.925px; font-family: Aptos, Aptos_EmbeddedFont, Aptos_MSFontService, sans-serif;\" data-ccp-props=\"{&quot;134233117&quot;:false,&quot;134233118&quot;:false,&quot;335559738&quot;:240,&quot;335559739&quot;:240}\">\u00a0<\/span><\/p><\/div><div class=\"OutlineElement Ltr SCXW210266455 BCX0\" style=\"-webkit-user-drag: none; -webkit-tap-highlight-color: transparent; margin: 0px; padding: 0px; user-select: text; clear: both; cursor: text; overflow: visible; position: relative; direction: ltr; color: #000000; font-family: 'Segoe UI', 'Segoe UI Web', Arial, Verdana, sans-serif; font-size: 12px; font-style: normal; font-variant-ligatures: normal; font-variant-caps: normal; font-weight: 400; letter-spacing: normal; orphans: 2; text-align: start; text-indent: 0px; text-transform: none; widows: 2; word-spacing: 0px; -webkit-text-stroke-width: 0px; white-space: normal; background-color: #ffffff; text-decoration-thickness: initial; text-decoration-style: initial; text-decoration-color: initial;\"><p class=\"Paragraph SCXW210266455 BCX0\" style=\"-webkit-user-drag: none; -webkit-tap-highlight-color: transparent; margin: 16px 0px; padding: 0px; user-select: text; overflow-wrap: break-word; white-space: pre-wrap; font-weight: normal; font-style: normal; vertical-align: baseline; font-kerning: none; background-color: transparent; color: windowtext; text-align: left; text-indent: 0px;\"><span class=\"EOP SCXW210266455 BCX0\" style=\"-webkit-user-drag: none; -webkit-tap-highlight-color: transparent; margin: 0px; padding: 0px; user-select: text; font-size: 12pt; line-height: 20.925px; font-family: Aptos, Aptos_EmbeddedFont, Aptos_MSFontService, sans-serif;\" data-ccp-props=\"{&quot;134233117&quot;:false,&quot;134233118&quot;:false,&quot;335559738&quot;:240,&quot;335559739&quot;:240}\"><strong>Office\/shop opening hours:<\/strong><br data-start=\"26\" data-end=\"29\" \/>Monday\u2013Friday: 09:00\u201315:00 <\/span><\/p><\/div>\t\t\t\t\t\t\t\t<\/div>\n\t\t\t\t<\/div>\n\t\t\t\t<div class=\"elementor-element elementor-element-f16ead9 elementor-widget-divider--view-line elementor-widget elementor-widget-divider\" data-id=\"f16ead9\" data-element_type=\"widget\" data-widget_type=\"divider.default\">\n\t\t\t\t<div class=\"elementor-widget-container\">\n\t\t\t\t\t\t\t<div class=\"elementor-divider\">\n\t\t\t<span class=\"elementor-divider-separator\">\n\t\t\t\t\t\t<\/span>\n\t\t<\/div>\n\t\t\t\t\t\t<\/div>\n\t\t\t\t<\/div>\n\t\t\t\t<div class=\"elementor-element elementor-element-97c1396 elementor-widget__width-auto elementor-align-center elementor-widget elementor-widget-the7_icon_widget\" data-id=\"97c1396\" data-element_type=\"widget\" data-widget_type=\"the7_icon_widget.default\">\n\t\t\t\t<div class=\"elementor-widget-container\">\n\t\t\t\t\t<div class=\"the7-icon-wrapper the7-elementor-widget\"><a class=\"elementor-icon\" href=\"https:\/\/www.facebook.com\/gyergyoihk\"><i aria-hidden=\"true\" class=\"fab fa-facebook-square\"><\/i><\/a><\/div>\t\t\t\t<\/div>\n\t\t\t\t<\/div>\n\t\t\t\t<div class=\"elementor-element elementor-element-74e3a88 elementor-widget__width-auto elementor-align-center elementor-widget elementor-widget-the7_icon_widget\" data-id=\"74e3a88\" data-element_type=\"widget\" data-widget_type=\"the7_icon_widget.default\">\n\t\t\t\t<div class=\"elementor-widget-container\">\n\t\t\t\t\t<div class=\"the7-icon-wrapper the7-elementor-widget\"><a class=\"elementor-icon\" href=\"https:\/\/www.instagram.com\/gyergyoihk\/\"><i aria-hidden=\"true\" class=\"fab fa-instagram\"><\/i><\/a><\/div>\t\t\t\t<\/div>\n\t\t\t\t<\/div>\n\t\t\t\t<div class=\"elementor-element elementor-element-f88def4 elementor-widget__width-auto elementor-align-center elementor-widget elementor-widget-the7_icon_widget\" data-id=\"f88def4\" data-element_type=\"widget\" data-widget_type=\"the7_icon_widget.default\">\n\t\t\t\t<div class=\"elementor-widget-container\">\n\t\t\t\t\t<div class=\"the7-icon-wrapper the7-elementor-widget\"><a class=\"elementor-icon\" href=\"https:\/\/www.tiktok.com\/@gyergyoihk\"><i aria-hidden=\"true\" class=\"fab fa-tiktok\"><\/i><\/a><\/div>\t\t\t\t<\/div>\n\t\t\t\t<\/div>\n\t\t\t\t<div class=\"elementor-element elementor-element-e8cb693 elementor-widget__width-auto elementor-align-center elementor-widget elementor-widget-the7_icon_widget\" data-id=\"e8cb693\" data-element_type=\"widget\" data-widget_type=\"the7_icon_widget.default\">\n\t\t\t\t<div class=\"elementor-widget-container\">\n\t\t\t\t\t<div class=\"the7-icon-wrapper the7-elementor-widget\"><a class=\"elementor-icon\" href=\"http:\/\/www.youtube.com\/@GYHKTV%20\"><i aria-hidden=\"true\" class=\"fab fa-youtube\"><\/i><\/a><\/div>\t\t\t\t<\/div>\n\t\t\t\t<\/div>\n\t\t\t\t<div class=\"elementor-element elementor-element-f3f63d5 elementor-widget elementor-widget-google_maps\" data-id=\"f3f63d5\" data-element_type=\"widget\" data-widget_type=\"google_maps.default\">\n\t\t\t\t<div class=\"elementor-widget-container\">\n\t\t\t\t\t\t\t<div class=\"elementor-custom-embed\">\n\t\t\t<iframe loading=\"lazy\"\n\t\t\t\t\tsrc=\"https:\/\/maps.google.com\/maps?q=Gyergy%C3%B3szentmikl%C3%B3si%20m%C5%B1j%C3%A9gp%C3%A1lya%2C%20&#038;t=m&#038;z=10&#038;output=embed&#038;iwloc=near\"\n\t\t\t\t\ttitle=\"Gyergy\u00f3szentmikl\u00f3si m\u0171j\u00e9gp\u00e1lya, \"\n\t\t\t\t\taria-label=\"Gyergy\u00f3szentmikl\u00f3si m\u0171j\u00e9gp\u00e1lya, \"\n\t\t\t><\/iframe>\n\t\t<\/div>\n\t\t\t\t\t\t<\/div>\n\t\t\t\t<\/div>\n\t\t\t\t\t<\/div>\n\t\t<\/div>\n\t\t\t\t<div class=\"elementor-column elementor-col-50 elementor-inner-column elementor-element elementor-element-d3c7fc1\" data-id=\"d3c7fc1\" data-element_type=\"column\">\n\t\t\t<div class=\"elementor-widget-wrap elementor-element-populated\">\n\t\t\t\t\t\t<div class=\"elementor-element elementor-element-2950a8b elementor-widget elementor-widget-shortcode\" data-id=\"2950a8b\" data-element_type=\"widget\" data-widget_type=\"shortcode.default\">\n\t\t\t\t<div class=\"elementor-widget-container\">\n\t\t\t\t\t\t\t<div class=\"elementor-shortcode\">\n<div class=\"wpcf7 no-js\" id=\"wpcf7-f96564-o1\" lang=\"en-US\" dir=\"ltr\" data-wpcf7-id=\"96564\">\n<div class=\"screen-reader-response\"><p role=\"status\" aria-live=\"polite\" aria-atomic=\"true\"><\/p> <ul><\/ul><\/div>\n<form action=\"\/en\/wp-json\/wp\/v2\/pages\/96558#wpcf7-f96564-o1\" method=\"post\" class=\"wpcf7-form init\" aria-label=\"Contact form\" novalidate=\"novalidate\" data-status=\"init\">\n<fieldset class=\"hidden-fields-container\"><input type=\"hidden\" name=\"_wpcf7\" value=\"96564\" \/><input type=\"hidden\" name=\"_wpcf7_version\" value=\"6.1\" \/><input type=\"hidden\" name=\"_wpcf7_locale\" value=\"en_US\" \/><input type=\"hidden\" name=\"_wpcf7_unit_tag\" value=\"wpcf7-f96564-o1\" \/><input type=\"hidden\" name=\"_wpcf7_container_post\" value=\"0\" \/><input type=\"hidden\" name=\"_wpcf7_posted_data_hash\" value=\"\" \/>\n<\/fieldset>\n<p><span class=\"wpcf7-form-control-wrap\" data-name=\"your-name\"><input size=\"40\" maxlength=\"400\" class=\"wpcf7-form-control wpcf7-text wpcf7-validates-as-required\" aria-required=\"true\" aria-invalid=\"false\" value=\"Name\" type=\"text\" name=\"your-name\" \/><\/span>\n<\/p>\n<p><span class=\"wpcf7-form-control-wrap\" data-name=\"your-email\"><input size=\"40\" maxlength=\"400\" class=\"wpcf7-form-control wpcf7-email wpcf7-validates-as-required wpcf7-text wpcf7-validates-as-email\" autocomplete=\"email\" aria-required=\"true\" aria-invalid=\"false\" value=\"E-mail\" type=\"email\" name=\"your-email\" \/><\/span>\n<\/p>\n<p><span class=\"wpcf7-form-control-wrap\" data-name=\"your-message\"><textarea cols=\"40\" rows=\"10\" maxlength=\"2000\" class=\"wpcf7-form-control wpcf7-textarea\" aria-invalid=\"false\" name=\"your-message\">Message<\/textarea><\/span>\n<\/p>\n<p><input class=\"wpcf7-form-control wpcf7-submit has-spinner\" type=\"submit\" value=\"Send\" \/>\n<\/p><div class=\"wpcf7-response-output\" aria-hidden=\"true\"><\/div>\n<\/form>\n<\/div>\n<\/div>\n\t\t\t\t\t\t<\/div>\n\t\t\t\t<\/div>\n\t\t\t\t\t<\/div>\n\t\t<\/div>\n\t\t\t\t\t<\/div>\n\t\t<\/section>\n\t\t\t\t\t<\/div>\n\t\t<\/div>\n\t\t\t\t\t<\/div>\n\t\t<\/section>\n\t\t\t\t<\/div>\n\t\t","protected":false},"excerpt":{"rendered":"<p>Contact Asociatia Club Sportiv Gyergy\u00f3i Hoki Klub \u2013 Club Sportiv Hockey Club\u00a0 Tax number: 37293066\u00a0 Head office: Str. Stadionului no. 7, Gheorgheni, Harghita County, Romania\u00a0 E-mail: office@gyergyoihoki.ro\u00a0 Web:\u00a0 www.gyergyoihoki.ro\u00a0 Office\/shop opening hours:Monday\u2013Friday: 09:00\u201315:00<\/p>\n","protected":false},"author":1,"featured_media":0,"parent":0,"menu_order":0,"comment_status":"closed","ping_status":"closed","template":"elementor_header_footer","meta":{"_acf_changed":false,"footnotes":""},"class_list":["post-96558","page","type-page","status-publish","hentry"],"acf":[],"_links":{"self":[{"href":"https:\/\/gyergyoihoki.ro\/en\/wp-json\/wp\/v2\/pages\/96558","targetHints":{"allow":["GET"]}}],"collection":[{"href":"https:\/\/gyergyoihoki.ro\/en\/wp-json\/wp\/v2\/pages"}],"about":[{"href":"https:\/\/gyergyoihoki.ro\/en\/wp-json\/wp\/v2\/types\/page"}],"author":[{"embeddable":true,"href":"https:\/\/gyergyoihoki.ro\/en\/wp-json\/wp\/v2\/users\/1"}],"replies":[{"embeddable":true,"href":"https:\/\/gyergyoihoki.ro\/en\/wp-json\/wp\/v2\/comments?post=96558"}],"version-history":[{"count":30,"href":"https:\/\/gyergyoihoki.ro\/en\/wp-json\/wp\/v2\/pages\/96558\/revisions"}],"predecessor-version":[{"id":98083,"href":"https:\/\/gyergyoihoki.ro\/en\/wp-json\/wp\/v2\/pages\/96558\/revisions\/98083"}],"wp:attachment":[{"href":"https:\/\/gyergyoihoki.ro\/en\/wp-json\/wp\/v2\/media?parent=96558"}],"curies":[{"name":"wp","href":"https:\/\/api.w.org\/{rel}","templated":true}]}}