{"id":98050,"date":"2025-07-01T14:07:04","date_gmt":"2025-07-01T14:07:04","guid":{"rendered":"https:\/\/gyergyoihoki.ro\/a-gyergyoi-hoki-klub-tortenete\/"},"modified":"2025-07-03T14:58:45","modified_gmt":"2025-07-03T14:58:45","slug":"a-gyergyoi-hoki-klub-tortenete","status":"publish","type":"page","link":"https:\/\/gyergyoihoki.ro\/en\/a-gyergyoi-hoki-klub-tortenete\/","title":{"rendered":"The History of Gyergy\u00f3 Hockey Club"},"content":{"rendered":"\t\t<div data-elementor-type=\"wp-page\" data-elementor-id=\"98050\" class=\"elementor elementor-98050 elementor-97955\" data-elementor-post-type=\"page\">\n\t\t\t\t\t\t<section class=\"elementor-section elementor-top-section elementor-element elementor-element-1854abf elementor-section-boxed elementor-section-height-default elementor-section-height-default\" data-id=\"1854abf\" data-element_type=\"section\">\n\t\t\t\t\t\t<div class=\"elementor-container elementor-column-gap-default\">\n\t\t\t\t\t<div class=\"elementor-column elementor-col-100 elementor-top-column elementor-element elementor-element-de25b01\" data-id=\"de25b01\" data-element_type=\"column\">\n\t\t\t<div class=\"elementor-widget-wrap elementor-element-populated\">\n\t\t\t\t\t\t<div class=\"elementor-element elementor-element-44288b4 elementor-widget elementor-widget-spacer\" data-id=\"44288b4\" data-element_type=\"widget\" data-widget_type=\"spacer.default\">\n\t\t\t\t<div class=\"elementor-widget-container\">\n\t\t\t\t\t\t\t<div class=\"elementor-spacer\">\n\t\t\t<div class=\"elementor-spacer-inner\"><\/div>\n\t\t<\/div>\n\t\t\t\t\t\t<\/div>\n\t\t\t\t<\/div>\n\t\t\t\t<div class=\"elementor-element elementor-element-8c77a4d elementor-widget elementor-widget-heading\" data-id=\"8c77a4d\" data-element_type=\"widget\" data-widget_type=\"heading.default\">\n\t\t\t\t<div class=\"elementor-widget-container\">\n\t\t\t\t\t<h2 class=\"elementor-heading-title elementor-size-default\">The History of Gyergy\u00f3 <br> Hockey Club<\/h2>\t\t\t\t<\/div>\n\t\t\t\t<\/div>\n\t\t\t\t<div class=\"elementor-element elementor-element-fe994c2 elementor-widget elementor-widget-image\" data-id=\"fe994c2\" data-element_type=\"widget\" data-widget_type=\"image.default\">\n\t\t\t\t<div class=\"elementor-widget-container\">\n\t\t\t\t\t\t\t\t\t\t\t\t\t\t\t<img fetchpriority=\"high\" decoding=\"async\" width=\"1024\" height=\"676\" src=\"https:\/\/gyergyoihoki.ro\/wp-content\/uploads\/2023\/09\/csapat-2023-1-1024x676.jpg\" class=\"attachment-large size-large wp-image-96064\" alt=\"\" srcset=\"https:\/\/gyergyoihoki.ro\/wp-content\/uploads\/2023\/09\/csapat-2023-1-1024x676.jpg 1024w, https:\/\/gyergyoihoki.ro\/wp-content\/uploads\/2023\/09\/csapat-2023-1-1200x792.jpg 1200w, https:\/\/gyergyoihoki.ro\/wp-content\/uploads\/2023\/09\/csapat-2023-1-300x198.jpg 300w, https:\/\/gyergyoihoki.ro\/wp-content\/uploads\/2023\/09\/csapat-2023-1-768x507.jpg 768w, https:\/\/gyergyoihoki.ro\/wp-content\/uploads\/2023\/09\/csapat-2023-1.jpg 1515w\" sizes=\"(max-width: 1024px) 100vw, 1024px\" \/>\t\t\t\t\t\t\t\t\t\t\t\t\t\t\t<\/div>\n\t\t\t\t<\/div>\n\t\t\t\t<div class=\"elementor-element elementor-element-43ee1be elementor-widget elementor-widget-spacer\" data-id=\"43ee1be\" data-element_type=\"widget\" data-widget_type=\"spacer.default\">\n\t\t\t\t<div class=\"elementor-widget-container\">\n\t\t\t\t\t\t\t<div class=\"elementor-spacer\">\n\t\t\t<div class=\"elementor-spacer-inner\"><\/div>\n\t\t<\/div>\n\t\t\t\t\t\t<\/div>\n\t\t\t\t<\/div>\n\t\t\t\t\t<\/div>\n\t\t<\/div>\n\t\t\t\t\t<\/div>\n\t\t<\/section>\n\t\t\t\t<section class=\"elementor-section elementor-top-section elementor-element elementor-element-0269a19 elementor-section-boxed elementor-section-height-default elementor-section-height-default\" data-id=\"0269a19\" data-element_type=\"section\">\n\t\t\t\t\t\t<div class=\"elementor-container elementor-column-gap-default\">\n\t\t\t\t\t<div class=\"elementor-column elementor-col-100 elementor-top-column elementor-element elementor-element-b9506a1\" data-id=\"b9506a1\" data-element_type=\"column\">\n\t\t\t<div class=\"elementor-widget-wrap elementor-element-populated\">\n\t\t\t\t\t\t<div class=\"elementor-element elementor-element-7915acc elementor-widget elementor-widget-be-timeline\" data-id=\"7915acc\" data-element_type=\"widget\" data-widget_type=\"be-timeline.default\">\n\t\t\t\t<div class=\"elementor-widget-container\">\n\t\t\t\t\t<ul class=\"be-pack timeline\">\t\t\t<li class=\"timeline-right\">\n\t\t\t \n\t\t\t<div class=\"tl-circ\"><\/div>\n\t\t\t  <div class=\"timeline-panel\">\n\t\t\t\t<div class=\"tl-heading\">\n\t\t\t\t\t<div class=\"tl-content\">\n\t\t\t\t\t\t\t\t\t\t\t\t<div class=\"be-desc\">\n\t\t\t\t\t\t<h2 class=\"be-title\">2024-2025<\/h2>\t\t\t\t\t\t<div class=\"be-content\">\n\t\t\t\t\t\t\t<p data-start=\"0\" data-end=\"451\">We had a strong start to the year and continued with excellent performances. We kicked off the season by winning the inaugural Romanian Supercup with a golden goal after a 3\u20133 draw in regular time. Next, we triumphed in the Romanian Cup Final Four in Sf\u00e2ntu Gheorghe, defeating Corona Bra\u0219ov 3\u20130 in the final. In the Romanian national championship\u2019s Final Four, we once again played for gold\u2014and won it, beating our biggest rivals, Corona Bra\u0219ov, 2\u20131.<\/p><p data-start=\"453\" data-end=\"638\">Gyergy\u00f3 Hockey Club made history three times in one season. We claimed the first-ever Supercup, won the Cup for the first time, and became national champions for the first time as well.<\/p><p data-start=\"640\" data-end=\"1074\">In the Erste League, we entered the playoffs from second place. We first defeated DVTK Jegesmedv\u00e9k in a 4\u20131 series, followed by another 4\u20131 victory over Corona Bra\u0219ov in the semifinals. The final was against our long-time rivals, SC Cs\u00edkszereda. We won the first two games, then they equalized the series, but from there, we showed our strength once again. After winning Game 5 in Gyergy\u00f3szentmikl\u00f3s, we lifted the trophy on the road.<\/p><p data-start=\"1076\" data-end=\"1308\" data-is-last-node=\"\" data-is-only-node=\"\">This meant that Gyergy\u00f3 Hockey Club won every possible trophy in the 2024\u20132025 season. Our success was no coincidence\u2014the numbers speak for themselves: this season we defeated Corona Bra\u0219ov eleven times and SC Cs\u00edkszereda ten times.<\/p> \n\t\t\t\t\t\t<\/div>\n\t\t\t\t\t\t<\/div>\n\t\t\t\t\t<\/div>\n\t\t\t\t<\/div>\n\t\t\t  <\/div>\n\t\t\t<\/li>\n\t\t\t\t\t\t\t<li class=\"timeline-inverted\">\n\t\t\t \n\t\t\t<div class=\"tl-circ\"><\/div>\n\t\t\t  <div class=\"timeline-panel\">\n\t\t\t\t<div class=\"tl-heading\">\n\t\t\t\t\t<div class=\"tl-content\">\n\t\t\t\t\t\t\t\t\t\t\t\t<div class=\"be-desc\">\n\t\t\t\t\t\t<h2 class=\"be-title\">2023-2024<\/h2>\t\t\t\t\t\t<div class=\"be-content\">\n\t\t\t\t\t\t\t<p>We entered the Erste League playoffs in 3rd place and advanced past \u00dajpest with a 4\u20130 series sweep. In the semifinals, we once again faced Corona Bra\u0219ov, but that year they proved to be the stronger team and moved on to the final. Based on our performance in the regular season, Gyergy\u00f3 Hockey Club was awarded the bronze medal.<\/p> \n\t\t\t\t\t\t<\/div>\n\t\t\t\t\t\t<\/div>\n\t\t\t\t\t<\/div>\n\t\t\t\t<\/div>\n\t\t\t  <\/div>\n\t\t\t<\/li>\n\t\t\t\t\t\t<li class=\"timeline-right\">\n\t\t\t \n\t\t\t<div class=\"tl-circ\"><\/div>\n\t\t\t  <div class=\"timeline-panel\">\n\t\t\t\t<div class=\"tl-heading\">\n\t\t\t\t\t<div class=\"tl-content\">\n\t\t\t\t\t\t\t\t\t\t\t\t<div class=\"be-desc\">\n\t\t\t\t\t\t<h2 class=\"be-title\">2022-2023<\/h2>\t\t\t\t\t\t<div class=\"be-content\">\n\t\t\t\t\t\t\t<p data-start=\"0\" data-end=\"276\">The 2022\u20132023 season was a milestone year for Gyergy\u00f3 Hockey Club. Under the leadership of head coach Zolt\u00e1n Szilassy, we remained in contention for the top spot in the Erste League regular season until the very end, ultimately securing second place heading into the playoffs.<\/p><p data-start=\"278\" data-end=\"531\">In the postseason, we first swept Duna\u00fajv\u00e1ros with a 4\u20130 series win. Next came a dramatic semifinal clash with Corona Bra\u0219ov, which went down to the wire. After a tense battle, we emerged victorious with a 4\u20133 series win, earning our place in the final.<\/p><p data-start=\"533\" data-end=\"783\" data-is-last-node=\"\" data-is-only-node=\"\">The championship series against FTC-Telekom was equally intense. We had to fight back from 0\u20132 and then 1\u20133 deficits, showing incredible resilience. In a thrilling Game 7 on home ice, we won 2\u20131\u2014crowning Gyergy\u00f3 Hockey Club as Erste League champions!<\/p> \n\t\t\t\t\t\t<\/div>\n\t\t\t\t\t\t<\/div>\n\t\t\t\t\t<\/div>\n\t\t\t\t<\/div>\n\t\t\t  <\/div>\n\t\t\t<\/li>\n\t\t\t\t\t\t\t<li class=\"timeline-inverted\">\n\t\t\t \n\t\t\t<div class=\"tl-circ\"><\/div>\n\t\t\t  <div class=\"timeline-panel\">\n\t\t\t\t<div class=\"tl-heading\">\n\t\t\t\t\t<div class=\"tl-content\">\n\t\t\t\t\t\t\t\t\t\t\t\t<div class=\"be-desc\">\n\t\t\t\t\t\t<h2 class=\"be-title\">2021-2022<\/h2>\t\t\t\t\t\t<div class=\"be-content\">\n\t\t\t\t\t\t\t<p>That was the season when we came truly close to reaching the Erste League final for the first time\u2014but the pandemic intervened. In the first round of the playoffs, we swept Corona Bra\u0219ov, then faced Ferencv\u00e1ros in the semifinals. After the two games in Budapest, the series was tied 1\u20131, but by the time we returned home, we could only put a severely depleted team on the ice, playing out of sheer determination. By Game 4, we no longer had enough healthy players to continue, and we were forced to forfeit the series.<\/p> \n\t\t\t\t\t\t<\/div>\n\t\t\t\t\t\t<\/div>\n\t\t\t\t\t<\/div>\n\t\t\t\t<\/div>\n\t\t\t  <\/div>\n\t\t\t<\/li>\n\t\t\t\t\t\t<li class=\"timeline-right\">\n\t\t\t \n\t\t\t<div class=\"tl-circ\"><\/div>\n\t\t\t  <div class=\"timeline-panel\">\n\t\t\t\t<div class=\"tl-heading\">\n\t\t\t\t\t<div class=\"tl-content\">\n\t\t\t\t\t\t\t\t\t\t\t\t<div class=\"be-desc\">\n\t\t\t\t\t\t<h2 class=\"be-title\">2020-2021<\/h2>\t\t\t\t\t\t<div class=\"be-content\">\n\t\t\t\t\t\t\t<p>In the 2020\u20132021 season, we truly felt the absence of our fans, having to play in empty arenas throughout the entire year. We made it to the playoffs, but our journey was cut short in the quarterfinals by SC Cs\u00edkszereda.<\/p> \n\t\t\t\t\t\t<\/div>\n\t\t\t\t\t\t<\/div>\n\t\t\t\t\t<\/div>\n\t\t\t\t<\/div>\n\t\t\t  <\/div>\n\t\t\t<\/li>\n\t\t\t\t\t\t\t<li class=\"timeline-inverted\">\n\t\t\t \n\t\t\t<div class=\"tl-circ\"><\/div>\n\t\t\t  <div class=\"timeline-panel\">\n\t\t\t\t<div class=\"tl-heading\">\n\t\t\t\t\t<div class=\"tl-content\">\n\t\t\t\t\t\t\t\t\t\t\t\t<div class=\"be-desc\">\n\t\t\t\t\t\t<h2 class=\"be-title\">2019-2020<\/h2>\t\t\t\t\t\t<div class=\"be-content\">\n\t\t\t\t\t\t\t<p data-start=\"0\" data-end=\"337\">In the unfinished 2019\u20132020 season, we reached the top four in the Erste League, eliminating Corona Bra\u0219ov and, for the first time in Gyergy\u00f3 hockey history, playing in the semifinals for a chance to reach the final. However, the pandemic prevented the completion of the series. Despite this, we were awarded our first-ever bronze medal.<\/p><p data-start=\"339\" data-end=\"434\" data-is-last-node=\"\" data-is-only-node=\"\">In the Romanian Cup, we reached the final, and we also claimed victory in the Gyilkos Lake Cup.<\/p> \n\t\t\t\t\t\t<\/div>\n\t\t\t\t\t\t<\/div>\n\t\t\t\t\t<\/div>\n\t\t\t\t<\/div>\n\t\t\t  <\/div>\n\t\t\t<\/li>\n\t\t\t\t\t\t<li class=\"timeline-right\">\n\t\t\t \n\t\t\t<div class=\"tl-circ\"><\/div>\n\t\t\t  <div class=\"timeline-panel\">\n\t\t\t\t<div class=\"tl-heading\">\n\t\t\t\t\t<div class=\"tl-content\">\n\t\t\t\t\t\t\t\t\t\t\t\t<div class=\"be-desc\">\n\t\t\t\t\t\t<h2 class=\"be-title\">2019-2020<\/h2>\t\t\t\t\t\t<div class=\"be-content\">\n\t\t\t\t\t\t\t<p data-start=\"0\" data-end=\"340\">In the interrupted 2019\u20132020 season, we reached the top four in the Erste League, eliminating Corona Bra\u0219ov and, for the first time in the history of Gyergy\u00f3 hockey, playing in the semifinals with a shot at the final. However, the semifinals couldn\u2019t be completed due to the global pandemic, and we were awarded our first-ever bronze medal.<\/p><p data-start=\"342\" data-end=\"422\" data-is-last-node=\"\" data-is-only-node=\"\">In the Romanian Cup, we reached the final, and we also won the Gyilkos Lake Cup.<\/p> \n\t\t\t\t\t\t<\/div>\n\t\t\t\t\t\t<\/div>\n\t\t\t\t\t<\/div>\n\t\t\t\t<\/div>\n\t\t\t  <\/div>\n\t\t\t<\/li>\n\t\t\t\t\t\t\t<li class=\"timeline-inverted\">\n\t\t\t \n\t\t\t<div class=\"tl-circ\"><\/div>\n\t\t\t  <div class=\"timeline-panel\">\n\t\t\t\t<div class=\"tl-heading\">\n\t\t\t\t\t<div class=\"tl-content\">\n\t\t\t\t\t\t\t\t\t\t\t\t<div class=\"be-desc\">\n\t\t\t\t\t\t<h2 class=\"be-title\">2018-2019<\/h2>\t\t\t\t\t\t<div class=\"be-content\">\n\t\t\t\t\t\t\t<p>In 2018, our team joined the Erste League. The goal for the 2018\u20132019 season was to reach the playoffs\u2014and we did just that. We then faced DEAC in a hard-fought, seven-game series for a place in the semifinals, but in the end, the more experienced side advanced.<\/p> \n\t\t\t\t\t\t<\/div>\n\t\t\t\t\t\t<\/div>\n\t\t\t\t\t<\/div>\n\t\t\t\t<\/div>\n\t\t\t  <\/div>\n\t\t\t<\/li>\n\t\t\t \n      <\/ul>\n\n\t\t\t\t\t<\/div>\n\t\t\t\t<\/div>\n\t\t\t\t\t<\/div>\n\t\t<\/div>\n\t\t\t\t\t<\/div>\n\t\t<\/section>\n\t\t\t\t<section class=\"elementor-section elementor-top-section elementor-element elementor-element-1bd1426 elementor-section-boxed elementor-section-height-default elementor-section-height-default\" data-id=\"1bd1426\" data-element_type=\"section\">\n\t\t\t\t\t\t<div class=\"elementor-container elementor-column-gap-default\">\n\t\t\t\t\t<div class=\"elementor-column elementor-col-100 elementor-top-column elementor-element elementor-element-4017ec4\" data-id=\"4017ec4\" data-element_type=\"column\">\n\t\t\t<div class=\"elementor-widget-wrap elementor-element-populated\">\n\t\t\t\t\t\t<div class=\"elementor-element elementor-element-5eb521d elementor-widget elementor-widget-text-editor\" data-id=\"5eb521d\" data-element_type=\"widget\" data-widget_type=\"text-editor.default\">\n\t\t\t\t<div class=\"elementor-widget-container\">\n\t\t\t\t\t\t\t\t\t<p>In recent decades, red and white colours and the bear in our crest have become closely associated with Gyergy\u00f3 hockey. These symbols have become part of our tradition\u2014they represent who we are. Gyergy\u00f3 Hockey Club belongs to everyone who lives in Gyergy\u00f3sz\u00e9k, and to all those whose hearts are tied to this place, no matter where they may be.<\/p>\t\t\t\t\t\t\t\t<\/div>\n\t\t\t\t<\/div>\n\t\t<div class=\"elementor-element elementor-element-bf4d161 e-con-full e-flex e-con e-parent\" data-id=\"bf4d161\" data-element_type=\"container\">\n\t\t<div class=\"elementor-element elementor-element-a4b1690 e-con-full e-flex e-con e-child\" data-id=\"a4b1690\" data-element_type=\"container\">\n\t\t\t\t<div class=\"elementor-element elementor-element-24d43a7 elementor-widget elementor-widget-image\" data-id=\"24d43a7\" data-element_type=\"widget\" data-widget_type=\"image.default\">\n\t\t\t\t<div class=\"elementor-widget-container\">\n\t\t\t\t\t\t\t\t\t\t\t\t\t\t\t<img decoding=\"async\" width=\"209\" height=\"168\" src=\"https:\/\/gyergyoihoki.ro\/wp-content\/uploads\/2020\/11\/gyhk-logo.png\" class=\"attachment-full size-full wp-image-96049\" alt=\"\" \/>\t\t\t\t\t\t\t\t\t\t\t\t\t\t\t<\/div>\n\t\t\t\t<\/div>\n\t\t\t\t<\/div>\n\t\t<div class=\"elementor-element elementor-element-e27de4c e-con-full e-flex e-con e-child\" data-id=\"e27de4c\" data-element_type=\"container\">\n\t\t\t\t<div class=\"elementor-element elementor-element-3daccbf elementor-widget elementor-widget-text-editor\" data-id=\"3daccbf\" data-element_type=\"widget\" data-widget_type=\"text-editor.default\">\n\t\t\t\t<div class=\"elementor-widget-container\">\n\t\t\t\t\t\t\t\t\t<p><strong>Gyergy\u00f3 Hockey Club<\/strong> is a shared value that fills the ice rink not only at home but also draws hundreds of fans to our games in Budapest and other Hungarian cities, with many traveling hours to be there. Countless others around the world gather in front of their screens to watch GYHK play, feeling a little bit of home through our team. Cheering for Gyergy\u00f3 Hockey Club is a unique experience of community and belonging.<\/p>\t\t\t\t\t\t\t\t<\/div>\n\t\t\t\t<\/div>\n\t\t\t\t<\/div>\n\t\t\t\t<\/div>\n\t\t\t\t\t<\/div>\n\t\t<\/div>\n\t\t\t\t\t<\/div>\n\t\t<\/section>\n\t\t\t\t<\/div>\n\t\t","protected":false},"excerpt":{"rendered":"<p>The History of Gyergy\u00f3 Hockey Club 2024-2025 We had a strong start to the year and continued with excellent performances. We kicked off the season by winning the inaugural Romanian Supercup with a golden goal after a 3\u20133 draw in regular time. Next, we triumphed in the Romanian Cup Final Four in Sf\u00e2ntu Gheorghe, defeating&hellip;<\/p>\n","protected":false},"author":1,"featured_media":0,"parent":0,"menu_order":0,"comment_status":"closed","ping_status":"closed","template":"elementor_header_footer","meta":{"_acf_changed":false,"footnotes":""},"class_list":["post-98050","page","type-page","status-publish","hentry"],"acf":[],"_links":{"self":[{"href":"https:\/\/gyergyoihoki.ro\/en\/wp-json\/wp\/v2\/pages\/98050","targetHints":{"allow":["GET"]}}],"collection":[{"href":"https:\/\/gyergyoihoki.ro\/en\/wp-json\/wp\/v2\/pages"}],"about":[{"href":"https:\/\/gyergyoihoki.ro\/en\/wp-json\/wp\/v2\/types\/page"}],"author":[{"embeddable":true,"href":"https:\/\/gyergyoihoki.ro\/en\/wp-json\/wp\/v2\/users\/1"}],"replies":[{"embeddable":true,"href":"https:\/\/gyergyoihoki.ro\/en\/wp-json\/wp\/v2\/comments?post=98050"}],"version-history":[{"count":5,"href":"https:\/\/gyergyoihoki.ro\/en\/wp-json\/wp\/v2\/pages\/98050\/revisions"}],"predecessor-version":[{"id":98056,"href":"https:\/\/gyergyoihoki.ro\/en\/wp-json\/wp\/v2\/pages\/98050\/revisions\/98056"}],"wp:attachment":[{"href":"https:\/\/gyergyoihoki.ro\/en\/wp-json\/wp\/v2\/media?parent=98050"}],"curies":[{"name":"wp","href":"https:\/\/api.w.org\/{rel}","templated":true}]}}