{"id":98448,"date":"2025-10-01T12:30:49","date_gmt":"2025-10-01T12:30:49","guid":{"rendered":"https:\/\/gyergyoihoki.ro\/?page_id=98448"},"modified":"2025-10-01T12:31:34","modified_gmt":"2025-10-01T12:31:34","slug":"the-history-of-gyergyo-hockey","status":"publish","type":"page","link":"https:\/\/gyergyoihoki.ro\/en\/the-history-of-gyergyo-hockey\/","title":{"rendered":"The History of Gyergy\u00f3 Hockey"},"content":{"rendered":"\t\t<div data-elementor-type=\"wp-page\" data-elementor-id=\"98448\" class=\"elementor elementor-98448 elementor-98447\" data-elementor-post-type=\"page\">\n\t\t\t\t\t\t<section class=\"elementor-section elementor-top-section elementor-element elementor-element-1854abf elementor-section-boxed elementor-section-height-default elementor-section-height-default\" data-id=\"1854abf\" data-element_type=\"section\">\n\t\t\t\t\t\t<div class=\"elementor-container elementor-column-gap-default\">\n\t\t\t\t\t<div class=\"elementor-column elementor-col-100 elementor-top-column elementor-element elementor-element-de25b01\" data-id=\"de25b01\" data-element_type=\"column\">\n\t\t\t<div class=\"elementor-widget-wrap elementor-element-populated\">\n\t\t\t\t\t\t<div class=\"elementor-element elementor-element-44288b4 elementor-widget elementor-widget-spacer\" data-id=\"44288b4\" data-element_type=\"widget\" data-widget_type=\"spacer.default\">\n\t\t\t\t<div class=\"elementor-widget-container\">\n\t\t\t\t\t\t\t<div class=\"elementor-spacer\">\n\t\t\t<div class=\"elementor-spacer-inner\"><\/div>\n\t\t<\/div>\n\t\t\t\t\t\t<\/div>\n\t\t\t\t<\/div>\n\t\t\t\t<div class=\"elementor-element elementor-element-8c77a4d elementor-widget elementor-widget-heading\" data-id=\"8c77a4d\" data-element_type=\"widget\" data-widget_type=\"heading.default\">\n\t\t\t\t<div class=\"elementor-widget-container\">\n\t\t\t\t\t<h2 class=\"elementor-heading-title elementor-size-default\">The History of <br> Gyergy\u00f3 Hockey<\/h2>\t\t\t\t<\/div>\n\t\t\t\t<\/div>\n\t\t\t\t<div class=\"elementor-element elementor-element-fe994c2 elementor-widget elementor-widget-image\" data-id=\"fe994c2\" data-element_type=\"widget\" data-widget_type=\"image.default\">\n\t\t\t\t<div class=\"elementor-widget-container\">\n\t\t\t\t\t\t\t\t\t\t\t\t\t\t\t<img fetchpriority=\"high\" decoding=\"async\" width=\"1024\" height=\"676\" src=\"https:\/\/gyergyoihoki.ro\/wp-content\/uploads\/2023\/09\/csapat-2023-1-1024x676.jpg\" class=\"attachment-large size-large wp-image-96064\" alt=\"\" srcset=\"https:\/\/gyergyoihoki.ro\/wp-content\/uploads\/2023\/09\/csapat-2023-1-1024x676.jpg 1024w, https:\/\/gyergyoihoki.ro\/wp-content\/uploads\/2023\/09\/csapat-2023-1-1200x792.jpg 1200w, https:\/\/gyergyoihoki.ro\/wp-content\/uploads\/2023\/09\/csapat-2023-1-300x198.jpg 300w, https:\/\/gyergyoihoki.ro\/wp-content\/uploads\/2023\/09\/csapat-2023-1-768x507.jpg 768w, https:\/\/gyergyoihoki.ro\/wp-content\/uploads\/2023\/09\/csapat-2023-1.jpg 1515w\" sizes=\"(max-width: 1024px) 100vw, 1024px\" \/>\t\t\t\t\t\t\t\t\t\t\t\t\t\t\t<\/div>\n\t\t\t\t<\/div>\n\t\t\t\t<div class=\"elementor-element elementor-element-9ceb0ef elementor-widget elementor-widget-text-editor\" data-id=\"9ceb0ef\" data-element_type=\"widget\" data-widget_type=\"text-editor.default\">\n\t\t\t\t<div class=\"elementor-widget-container\">\n\t\t\t\t\t\t\t\t\t<p>Gyergy\u00f3 Hockey Club carries forward a 77-year-old tradition. Ice hockey is not only the national sport of the people living in the Gyergy\u00f3 Basin but also a defining element of life in the region. The movement began with the formation of the first ice hockey team in 1948 in Gyergy\u00f3szentmikl\u00f3s. This passion didn\u2019t just flourish in the town itself but spread throughout the entire Gyergy\u00f3sz\u00e9k area. Hockey boards were built in every major settlement, allowing locals\u2014from toddlers just learning to walk to those over seventy years old\u2014to skate during the harsh winter freezes.<\/p>\t\t\t\t\t\t\t\t<\/div>\n\t\t\t\t<\/div>\n\t\t\t\t<div class=\"elementor-element elementor-element-43ee1be elementor-widget elementor-widget-spacer\" data-id=\"43ee1be\" data-element_type=\"widget\" data-widget_type=\"spacer.default\">\n\t\t\t\t<div class=\"elementor-widget-container\">\n\t\t\t\t\t\t\t<div class=\"elementor-spacer\">\n\t\t\t<div class=\"elementor-spacer-inner\"><\/div>\n\t\t<\/div>\n\t\t\t\t\t\t<\/div>\n\t\t\t\t<\/div>\n\t\t\t\t\t<\/div>\n\t\t<\/div>\n\t\t\t\t\t<\/div>\n\t\t<\/section>\n\t\t\t\t<section class=\"elementor-section elementor-top-section elementor-element elementor-element-cdf4e6c elementor-section-boxed elementor-section-height-default elementor-section-height-default\" data-id=\"cdf4e6c\" data-element_type=\"section\">\n\t\t\t\t\t\t<div class=\"elementor-container elementor-column-gap-default\">\n\t\t\t\t\t<div class=\"elementor-column elementor-col-50 elementor-top-column elementor-element elementor-element-39aee78\" data-id=\"39aee78\" data-element_type=\"column\">\n\t\t\t<div class=\"elementor-widget-wrap elementor-element-populated\">\n\t\t\t\t\t\t<div class=\"elementor-element elementor-element-2a10260 elementor-widget elementor-widget-heading\" data-id=\"2a10260\" data-element_type=\"widget\" data-widget_type=\"heading.default\">\n\t\t\t\t<div class=\"elementor-widget-container\">\n\t\t\t\t\t<h3 class=\"elementor-heading-title elementor-size-default\">The History of Gyergy\u00f3 Hockey<\/h3>\t\t\t\t<\/div>\n\t\t\t\t<\/div>\n\t\t\t\t<div class=\"elementor-element elementor-element-0ce7fc8 elementor-widget__width-initial elementor-widget elementor-widget-image\" data-id=\"0ce7fc8\" data-element_type=\"widget\" data-widget_type=\"image.default\">\n\t\t\t\t<div class=\"elementor-widget-container\">\n\t\t\t\t\t\t\t\t\t\t\t\t\t\t\t<img decoding=\"async\" width=\"707\" height=\"496\" src=\"https:\/\/gyergyoihoki.ro\/wp-content\/uploads\/2023\/09\/gyergyoi-hoki-tortenete.jpg\" class=\"attachment-full size-full wp-image-96065\" alt=\"\" srcset=\"https:\/\/gyergyoihoki.ro\/wp-content\/uploads\/2023\/09\/gyergyoi-hoki-tortenete.jpg 707w, https:\/\/gyergyoihoki.ro\/wp-content\/uploads\/2023\/09\/gyergyoi-hoki-tortenete-300x210.jpg 300w\" sizes=\"(max-width: 707px) 100vw, 707px\" \/>\t\t\t\t\t\t\t\t\t\t\t\t\t\t\t<\/div>\n\t\t\t\t<\/div>\n\t\t\t\t\t<\/div>\n\t\t<\/div>\n\t\t\t\t<div class=\"elementor-column elementor-col-50 elementor-top-column elementor-element elementor-element-89ab103\" data-id=\"89ab103\" data-element_type=\"column\">\n\t\t\t<div class=\"elementor-widget-wrap elementor-element-populated\">\n\t\t\t\t\t\t<div class=\"elementor-element elementor-element-c44d687 elementor-widget elementor-widget-text-editor\" data-id=\"c44d687\" data-element_type=\"widget\" data-widget_type=\"text-editor.default\">\n\t\t\t\t<div class=\"elementor-widget-container\">\n\t\t\t\t\t\t\t\t\t<p data-start=\"0\" data-end=\"323\">In 1882, the Skating Club was established in Gyergy\u00f3szentmikl\u00f3s, featuring a rink between the two branches of the B\u00e9k\u00e9ny Creek, complete with a warming hut and changing rooms. Skating was already popular in Gyergy\u00f3szentmikl\u00f3s by the late 19th century, but ice hockey only took root relatively late, in the winter of 1948.<\/p><p data-start=\"325\" data-end=\"743\" data-is-last-node=\"\" data-is-only-node=\"\">The first ice hockey team was formed at the end of 1948, initiated by physical education teacher Tibor Basilides, after organizing matches between local high school classes. According to records, the team played its first official game on January 1, 1949, in Cs\u00edkszereda against the local high school team. It was during this match that the boys from Gyergy\u00f3 saw a hockey board and a real puck for the very first time\u2026<\/p>\t\t\t\t\t\t\t\t<\/div>\n\t\t\t\t<\/div>\n\t\t\t\t\t<\/div>\n\t\t<\/div>\n\t\t\t\t\t<\/div>\n\t\t<\/section>\n\t\t<div class=\"elementor-element elementor-element-b2750da e-flex e-con-boxed e-con e-parent\" data-id=\"b2750da\" data-element_type=\"container\">\n\t\t\t\t\t<div class=\"e-con-inner\">\n\t\t<div class=\"elementor-element elementor-element-2b9362f e-con-full e-flex e-con e-child\" data-id=\"2b9362f\" data-element_type=\"container\">\n\t\t\t\t<div class=\"elementor-element elementor-element-27d7497 elementor-widget elementor-widget-text-editor\" data-id=\"27d7497\" data-element_type=\"widget\" data-widget_type=\"text-editor.default\">\n\t\t\t\t<div class=\"elementor-widget-container\">\n\t\t\t\t\t\t\t\t\t<p>Csapatok alakultak, \u00e9s legend\u00e1s rangad\u00f3k zajlottak a gyergy\u00f3i telep\u00fcl\u00e9sek k\u00f6z\u00f6tt, ak\u00e1r t\u00f6bb ezer ember szurkol\u00e1s\u00e1t\u00f3l k\u00eds\u00e9rve. Aki r\u00e9szese volt val<\/p><p data-start=\"0\" data-end=\"430\">Teams were formed, and legendary rivalries took place between Gyergy\u00f3\u2019s communities, often cheered on by thousands of fans. Anyone who has ever been part of it knows what a local championship means when teams like Gyergy\u00f3remete\u2019s Kereszthegy, Gyergy\u00f3sz\u00e1rhegy\u2019s B\u00e1stya, Gyergy\u00f3alfalu\u2019s Bucsin, Gyergy\u00f3csomafalva\u2019s D\u00e9lhegy, and Gyergy\u00f3\u00fajfalu\u2019s Katorzsa competed\u2014whether in the elementary school age groups or at the veterans\u2019 level.<\/p><p data-start=\"432\" data-end=\"884\" data-is-last-node=\"\" data-is-only-node=\"\">Unfortunately, winters in Gyergy\u00f3 are no longer what they used to be a few decades ago, making it difficult to keep these traditions alive. There\u2019s no longer the opportunity to hold outdoor tournaments on natural ice. However, the love for hockey remains strong. Under the coordination of the Gyergy\u00f3 Hockey Club, children and youth across all Gyergy\u00f3sz\u00e9k communities still have the chance to play ice hockey through the GYHK youth development program.\u00a0<\/p><p>aha, az tudja, mit jelent egy olyan helyi bajnoks\u00e1g, ahol a Gyergy\u00f3remetei Kereszthegy, a Gyergy\u00f3sz\u00e1rhegyi B\u00e1stya, a Gyergy\u00f3alfalvi Bucsin, a Gyergy\u00f3csomafalvi D\u00e9lhegy \u00e9s a Gyergy\u00f3\u00fajfalvi Katorzsa egy\u00fcttesei m\u00e9rt\u00e9k \u00f6ssze tud\u00e1sukat ak\u00e1r az elemi iskol\u00e1sok koroszt\u00e1ly\u00e1ban, ak\u00e1r az \u00f6regfi\u00fak szintj\u00e9n. Ma m\u00e1r sajnos Gyergy\u00f3ban sem olyanok a telek, mint p\u00e1r \u00e9vtizeddel ezel\u0151tt, \u00edgy ezek a trad\u00edci\u00f3k m\u00e1r nehezen \u00e9ltethet\u0151k, nincs lehet\u0151s\u00e9g a szabadt\u00e9ri term\u00e9szetes j\u00e9gen zajl\u00f3 kup\u00e1k megrendez\u00e9s\u00e9re, de a hoki szeretete v\u00e1ltozatlan, a Gyergy\u00f3i Hoki Klub koordin\u00e1l\u00e1s\u00e1val minden gyergy\u00f3sz\u00e9ki telep\u00fcl\u00e9sen lehet\u0151s\u00e9get kapnak a gyerekek, fiatalok, hogy j\u00e9gkorongozhassanak a GYHK ut\u00e1np\u00f3tl\u00e1sban.<\/p>\t\t\t\t\t\t\t\t<\/div>\n\t\t\t\t<\/div>\n\t\t\t\t<div class=\"elementor-element elementor-element-79b9800 elementor-widget elementor-widget-heading\" data-id=\"79b9800\" data-element_type=\"widget\" data-widget_type=\"heading.default\">\n\t\t\t\t<div class=\"elementor-widget-container\">\n\t\t\t\t\t<h3 class=\"elementor-heading-title elementor-size-default\">Here are the key milestones in the history of adult ice hockey:<\/h3>\t\t\t\t<\/div>\n\t\t\t\t<\/div>\n\t\t\t\t<div class=\"elementor-element elementor-element-7d632cf elementor-widget elementor-widget-text-editor\" data-id=\"7d632cf\" data-element_type=\"widget\" data-widget_type=\"text-editor.default\">\n\t\t\t\t<div class=\"elementor-widget-container\">\n\t\t\t\t\t\t\t\t\t<ul>\n \t<li><strong>1949:<\/strong> The Vasutasok and GYMTE teams are founded<\/li>\n \t<li><strong>1952:<\/strong> The two teams merge under the name SPARTAK<\/li>\n \t<li><strong>1955:<\/strong> The team continues under the name Halad\u00e1s<\/li>\n \t<li><strong>1958:<\/strong> Halad\u00e1s wins the national third place, the first championship medal for Gyergy\u00f3 hockey<\/li>\n \t<li><strong>1961:<\/strong> The team adopts the name Lend\u00fclet<\/li>\n \t<li><strong>1990:<\/strong> The senior team disbands due to lack of support<\/li>\n \t<li><strong>1995:<\/strong> The team is re-established as Progym under coach Csaba Baslidesz, based on players from the local U18 champion team<\/li>\n \t<li><strong>1999:<\/strong> Progym wins the bronze medal in the Romanian Championship, the second medal after 41 years<\/li>\n \t<li><strong>2002:<\/strong> Progym achieves the greatest success in Gyergy\u00f3 hockey history so far: coached by Bal\u00e1zs K\u00e9menes, they reach the final and become runners-up in the Romanian Championship<\/li>\n \t<li>The team also won bronze medals in the Romanian Championship in <strong>2001<\/strong>, <strong>2004<\/strong>, <strong>2005<\/strong>, <strong>2006<\/strong>, <strong>2008<\/strong>, <strong>2014<\/strong>, and <strong>2015<\/strong><\/li>\n \t<li><strong>2018:<\/strong> The Gyergy\u00f3i Hoki Klub is founded<\/li>\n<\/ul>\n\t\t\t\t\t\t\t\t<\/div>\n\t\t\t\t<\/div>\n\t\t\t\t<div class=\"elementor-element elementor-element-1a9a37b elementor-widget elementor-widget-image\" data-id=\"1a9a37b\" data-element_type=\"widget\" data-widget_type=\"image.default\">\n\t\t\t\t<div class=\"elementor-widget-container\">\n\t\t\t\t\t\t\t\t\t\t\t\t\t\t\t<img decoding=\"async\" width=\"209\" height=\"168\" src=\"https:\/\/gyergyoihoki.ro\/wp-content\/uploads\/2020\/11\/gyhk-logo.png\" class=\"attachment-full size-full wp-image-96049\" alt=\"\" \/>\t\t\t\t\t\t\t\t\t\t\t\t\t\t\t<\/div>\n\t\t\t\t<\/div>\n\t\t\t\t<\/div>\n\t\t\t\t\t<\/div>\n\t\t\t\t<\/div>\n\t\t\t\t<\/div>\n\t\t","protected":false},"excerpt":{"rendered":"<p>The History of Gyergy\u00f3 Hockey Gyergy\u00f3 Hockey Club carries forward a 77-year-old tradition. Ice hockey is not only the national sport of the people living in the Gyergy\u00f3 Basin but also a defining element of life in the region. The movement began with the formation of the first ice hockey team in 1948 in Gyergy\u00f3szentmikl\u00f3s.&hellip;<\/p>\n","protected":false},"author":2,"featured_media":0,"parent":0,"menu_order":0,"comment_status":"closed","ping_status":"closed","template":"elementor_header_footer","meta":{"_acf_changed":false,"footnotes":""},"class_list":["post-98448","page","type-page","status-publish","hentry"],"acf":[],"_links":{"self":[{"href":"https:\/\/gyergyoihoki.ro\/en\/wp-json\/wp\/v2\/pages\/98448","targetHints":{"allow":["GET"]}}],"collection":[{"href":"https:\/\/gyergyoihoki.ro\/en\/wp-json\/wp\/v2\/pages"}],"about":[{"href":"https:\/\/gyergyoihoki.ro\/en\/wp-json\/wp\/v2\/types\/page"}],"author":[{"embeddable":true,"href":"https:\/\/gyergyoihoki.ro\/en\/wp-json\/wp\/v2\/users\/2"}],"replies":[{"embeddable":true,"href":"https:\/\/gyergyoihoki.ro\/en\/wp-json\/wp\/v2\/comments?post=98448"}],"version-history":[{"count":1,"href":"https:\/\/gyergyoihoki.ro\/en\/wp-json\/wp\/v2\/pages\/98448\/revisions"}],"predecessor-version":[{"id":98458,"href":"https:\/\/gyergyoihoki.ro\/en\/wp-json\/wp\/v2\/pages\/98448\/revisions\/98458"}],"wp:attachment":[{"href":"https:\/\/gyergyoihoki.ro\/en\/wp-json\/wp\/v2\/media?parent=98448"}],"curies":[{"name":"wp","href":"https:\/\/api.w.org\/{rel}","templated":true}]}}