{"id":94203,"date":"2023-09-08T10:30:35","date_gmt":"2023-09-08T10:30:35","guid":{"rendered":"https:\/\/gyergyoihoki.ro\/junior\/?page_id=94203"},"modified":"2025-03-20T10:21:18","modified_gmt":"2025-03-20T10:21:18","slug":"kuldetesunk","status":"publish","type":"page","link":"https:\/\/gyergyoihoki.ro\/junior\/kuldetesunk\/","title":{"rendered":"K\u00fcldet\u00e9s\u00fcnk"},"content":{"rendered":"\t\t<div data-elementor-type=\"wp-page\" data-elementor-id=\"94203\" class=\"elementor elementor-94203\" data-elementor-post-type=\"page\">\n\t\t\t\t\t\t<section class=\"elementor-section elementor-top-section elementor-element elementor-element-1854abf elementor-section-boxed elementor-section-height-default elementor-section-height-default\" data-id=\"1854abf\" data-element_type=\"section\">\n\t\t\t\t\t\t<div class=\"elementor-container elementor-column-gap-default\">\n\t\t\t\t\t<div class=\"elementor-column elementor-col-100 elementor-top-column elementor-element elementor-element-de25b01\" data-id=\"de25b01\" data-element_type=\"column\">\n\t\t\t<div class=\"elementor-widget-wrap elementor-element-populated\">\n\t\t\t\t\t\t<div class=\"elementor-element elementor-element-44288b4 elementor-widget elementor-widget-spacer\" data-id=\"44288b4\" data-element_type=\"widget\" data-widget_type=\"spacer.default\">\n\t\t\t\t<div class=\"elementor-widget-container\">\n\t\t\t\t\t\t\t<div class=\"elementor-spacer\">\n\t\t\t<div class=\"elementor-spacer-inner\"><\/div>\n\t\t<\/div>\n\t\t\t\t\t\t<\/div>\n\t\t\t\t<\/div>\n\t\t\t\t<div class=\"elementor-element elementor-element-8c77a4d elementor-widget elementor-widget-heading\" data-id=\"8c77a4d\" data-element_type=\"widget\" data-widget_type=\"heading.default\">\n\t\t\t\t<div class=\"elementor-widget-container\">\n\t\t\t\t\t<h1 class=\"elementor-heading-title elementor-size-default\">K\u00fcldet\u00e9s\u00fcnk<\/h1>\t\t\t\t<\/div>\n\t\t\t\t<\/div>\n\t\t\t\t<div class=\"elementor-element elementor-element-fe994c2 elementor-widget elementor-widget-image\" data-id=\"fe994c2\" data-element_type=\"widget\" data-widget_type=\"image.default\">\n\t\t\t\t<div class=\"elementor-widget-container\">\n\t\t\t\t\t\t\t\t\t\t\t\t\t\t\t<img fetchpriority=\"high\" decoding=\"async\" width=\"1024\" height=\"623\" src=\"https:\/\/gyergyoihoki.ro\/junior\/wp-content\/uploads\/2025\/03\/kuldetesunk-1024x623.png\" class=\"attachment-large size-large wp-image-97613\" alt=\"\" srcset=\"https:\/\/gyergyoihoki.ro\/junior\/wp-content\/uploads\/2025\/03\/kuldetesunk-1024x623.png 1024w, https:\/\/gyergyoihoki.ro\/junior\/wp-content\/uploads\/2025\/03\/kuldetesunk-300x182.png 300w, https:\/\/gyergyoihoki.ro\/junior\/wp-content\/uploads\/2025\/03\/kuldetesunk-768x467.png 768w, https:\/\/gyergyoihoki.ro\/junior\/wp-content\/uploads\/2025\/03\/kuldetesunk-1536x934.png 1536w, https:\/\/gyergyoihoki.ro\/junior\/wp-content\/uploads\/2025\/03\/kuldetesunk.png 1839w\" sizes=\"(max-width: 1024px) 100vw, 1024px\" \/>\t\t\t\t\t\t\t\t\t\t\t\t\t\t\t<\/div>\n\t\t\t\t<\/div>\n\t\t\t\t<div class=\"elementor-element elementor-element-9ceb0ef elementor-widget elementor-widget-text-editor\" data-id=\"9ceb0ef\" data-element_type=\"widget\" data-widget_type=\"text-editor.default\">\n\t\t\t\t<div class=\"elementor-widget-container\">\n\t\t\t\t\t\t\t\t\t<p>A Gyergy\u00f3i Hoki Klub Junior eg\u00e9sz tev\u00e9kenys\u00e9g\u00e9ben az egym\u00e1s ir\u00e1nti tiszteletet, a vid\u00e1ms\u00e1got, a sportol\u00e1s \u00f6r\u00f6m\u00e9t tartja legfontosabb alappill\u00e9r\u00e9nek, gyerekek, serd\u00fcl\u0151k \u00e9s ifj\u00fas\u00e1gi kor\u00fa j\u00e9gkorongoz\u00f3k fejleszt\u00e9s\u00e9n dolgozik.<br \/><br \/>Sz\u00edvesen fogadunk sorainkba mindenkit, aki j\u00e9gkorongozni szeretne, csapatainkhoz k\u00edv\u00e1n tartozni edz\u00e9seinken \u00e9s a m\u00e9rk\u0151z\u00e9seken.\u00a0<br \/><br \/>Ugyanakkor olyan min\u0151s\u00e9gi munk\u00e1t v\u00e9gz\u00fcnk, ami megteremti a lehet\u0151s\u00e9get arra, hogy a n\u00e1lunk sportol\u00f3 gyerekek, fiatalok a legmagasabb szintekre is eljuthassanak a j\u00e9gkorongban. \u00a0\u2028A legmagasabb szintig a k\u00f6vetkez\u0151 kateg\u00f3ri\u00e1kban zajlanak a k\u00e9pz\u00e9sek k\u00e9pzett \u00e9s hozz\u00e1\u00e9rt\u0151 szakemberek ir\u00e1ny\u00edt\u00e1s\u00e1val:\u00a0<\/p>\t\t\t\t\t\t\t\t<\/div>\n\t\t\t\t<\/div>\n\t\t\t\t<div class=\"elementor-element elementor-element-44d1117 elementor-widget elementor-widget-text-editor\" data-id=\"44d1117\" data-element_type=\"widget\" data-widget_type=\"text-editor.default\">\n\t\t\t\t<div class=\"elementor-widget-container\">\n\t\t\t\t\t\t\t\t\t<ul><li>Iskolai korisuli\u00a0\u00a0\u00a0<\/li><li>Gyerek hoki &#8211; Korisuli, hokisuli \u2013 U12\u00a0\u00a0<\/li><li>Junior hoki &#8211; U13 &#8211; U16\u00a0\u00a0<\/li><li>Ifj\u00fas\u00e1gi hoki &#8211; U18 &#8211; U21\u00a0\u00a0<\/li><\/ul>\t\t\t\t\t\t\t\t<\/div>\n\t\t\t\t<\/div>\n\t\t\t\t<div class=\"elementor-element elementor-element-43ee1be elementor-widget elementor-widget-spacer\" data-id=\"43ee1be\" data-element_type=\"widget\" data-widget_type=\"spacer.default\">\n\t\t\t\t<div class=\"elementor-widget-container\">\n\t\t\t\t\t\t\t<div class=\"elementor-spacer\">\n\t\t\t<div class=\"elementor-spacer-inner\"><\/div>\n\t\t<\/div>\n\t\t\t\t\t\t<\/div>\n\t\t\t\t<\/div>\n\t\t\t\t\t<\/div>\n\t\t<\/div>\n\t\t\t\t\t<\/div>\n\t\t<\/section>\n\t\t<div class=\"elementor-element elementor-element-ec4bf97 e-flex e-con-boxed e-con e-parent\" data-id=\"ec4bf97\" data-element_type=\"container\" data-settings=\"{&quot;background_background&quot;:&quot;classic&quot;}\">\n\t\t\t\t\t<div class=\"e-con-inner\">\n\t\t\t\t<div class=\"elementor-element elementor-element-b1d4005 elementor-widget__width-initial elementor-widget elementor-widget-heading\" data-id=\"b1d4005\" data-element_type=\"widget\" data-widget_type=\"heading.default\">\n\t\t\t\t<div class=\"elementor-widget-container\">\n\t\t\t\t\t<h2 class=\"elementor-heading-title elementor-size-default\">J\u00f6v\u0151k\u00e9p, \u00e9rt\u00e9kek\n\u00e9s \u00e1ltal\u00e1nos tervek\u00a0\u00a0<\/h2>\t\t\t\t<\/div>\n\t\t\t\t<\/div>\n\t\t\t\t<div class=\"elementor-element elementor-element-230a820 elementor-widget elementor-widget-heading\" data-id=\"230a820\" data-element_type=\"widget\" data-widget_type=\"heading.default\">\n\t\t\t\t<div class=\"elementor-widget-container\">\n\t\t\t\t\t<h3 class=\"elementor-heading-title elementor-size-default\">J\u00f6v\u0151k\u00e9p:<\/h3>\t\t\t\t<\/div>\n\t\t\t\t<\/div>\n\t\t\t\t<div class=\"elementor-element elementor-element-57d3fe7 elementor-widget elementor-widget-text-editor\" data-id=\"57d3fe7\" data-element_type=\"widget\" data-widget_type=\"text-editor.default\">\n\t\t\t\t<div class=\"elementor-widget-container\">\n\t\t\t\t\t\t\t\t\t<p>Rom\u00e1nia legjobb j\u00e9gkorongos k\u00f6rnyezet\u00e9t fogjuk megalkotni, ahol, b\u00e1rki, aki ebben r\u00e9szt vesz, fejl\u0151dni tud, min\u0151s\u00e9get tapasztalva minden tev\u00e9kenys\u00e9gben. Minden gyerek, serd\u00fcl\u0151, ifj\u00fas\u00e1gi kor\u00fa j\u00e1t\u00e9kos \u00e9s szakember nem csak a legjobb sportteljes\u00edtm\u00e9ny\u00e9t fogja el\u00e9rni, hanem emberi \u00e9rt\u00e9keit is n\u00f6velni tudja.<\/p>\t\t\t\t\t\t\t\t<\/div>\n\t\t\t\t<\/div>\n\t\t\t\t<div class=\"elementor-element elementor-element-96c934f elementor-widget elementor-widget-heading\" data-id=\"96c934f\" data-element_type=\"widget\" data-widget_type=\"heading.default\">\n\t\t\t\t<div class=\"elementor-widget-container\">\n\t\t\t\t\t<h3 class=\"elementor-heading-title elementor-size-default\">Alap \u00e9rt\u00e9krendszer:<\/h3>\t\t\t\t<\/div>\n\t\t\t\t<\/div>\n\t\t\t\t<div class=\"elementor-element elementor-element-0b4ca04 elementor-widget elementor-widget-heading\" data-id=\"0b4ca04\" data-element_type=\"widget\" data-widget_type=\"heading.default\">\n\t\t\t\t<div class=\"elementor-widget-container\">\n\t\t\t\t\t<h4 class=\"elementor-heading-title elementor-size-default\">Csal\u00e1d, k\u00f6z\u00f6ss\u00e9gi \u00e9rz\u00e9s<\/h4>\t\t\t\t<\/div>\n\t\t\t\t<\/div>\n\t\t\t\t<div class=\"elementor-element elementor-element-c3ca6d0 elementor-widget elementor-widget-text-editor\" data-id=\"c3ca6d0\" data-element_type=\"widget\" data-widget_type=\"text-editor.default\">\n\t\t\t\t<div class=\"elementor-widget-container\">\n\t\t\t\t\t\t\t\t\t<p>A Gyergy\u00f3i Hoki Klub Junior bar\u00e1ts\u00e1gos \u00e9s befogad\u00f3 k\u00f6rnyezete lehet\u0151v\u00e9 teszi, hogy minden olyan gyerek \u00e9s fiatal j\u00e9gkorongozhasson, aki csak szeretne. Minden tev\u00e9kenys\u00e9g\u00fcnk magas sz\u00ednvonalon val\u00f3sul meg, egy j\u00f3kedv\u0171 \u00e9s egym\u00e1st seg\u00edt\u0151 k\u00f6z\u00f6ss\u00e9gben, mely biztons\u00e1got is ny\u00fajt az ebben r\u00e9sztvev\u0151knek.<\/p>\t\t\t\t\t\t\t\t<\/div>\n\t\t\t\t<\/div>\n\t\t\t\t<div class=\"elementor-element elementor-element-df0b546 elementor-widget elementor-widget-heading\" data-id=\"df0b546\" data-element_type=\"widget\" data-widget_type=\"heading.default\">\n\t\t\t\t<div class=\"elementor-widget-container\">\n\t\t\t\t\t<h4 class=\"elementor-heading-title elementor-size-default\">Tisztelet \u00e9s j\u00f3kedv\u00a0<\/h4>\t\t\t\t<\/div>\n\t\t\t\t<\/div>\n\t\t\t\t<div class=\"elementor-element elementor-element-5b1bd19 elementor-widget elementor-widget-text-editor\" data-id=\"5b1bd19\" data-element_type=\"widget\" data-widget_type=\"text-editor.default\">\n\t\t\t\t<div class=\"elementor-widget-container\">\n\t\t\t\t\t\t\t\t\t<p>A Gyergy\u00f3i Hoki Klub Junior folyamatosan dolgozik az etikai \u00e9s mor\u00e1lis k\u00e9rd\u00e9seken, az\u00e9rt, hogy minden j\u00e1t\u00e9kos \u00e9s vezet\u0151 j\u00f3 kapcsolatot \u00e1poljon egym\u00e1ssal, illetve, hogy a vezet\u0151k p\u00e9ldak\u00e9pk\u00e9nt jelenjenek meg a j\u00e9gen \u00e9s a k\u00f6z\u00f6ss\u00e9gben. A gyerekeknek, edz\u0151knek \u00e9s sz\u00fcl\u0151knek is b\u00fcszkes\u00e9get kell jelentsen a klubhoz val\u00f3 tartoz\u00e1s.<\/p>\t\t\t\t\t\t\t\t<\/div>\n\t\t\t\t<\/div>\n\t\t\t\t<div class=\"elementor-element elementor-element-1bee5b7 elementor-widget elementor-widget-heading\" data-id=\"1bee5b7\" data-element_type=\"widget\" data-widget_type=\"heading.default\">\n\t\t\t\t<div class=\"elementor-widget-container\">\n\t\t\t\t\t<h4 class=\"elementor-heading-title elementor-size-default\">Hossz\u00fat\u00e1v\u00fa fejl\u0151d\u00e9s<\/h4>\t\t\t\t<\/div>\n\t\t\t\t<\/div>\n\t\t\t\t<div class=\"elementor-element elementor-element-51d30a8 elementor-widget elementor-widget-text-editor\" data-id=\"51d30a8\" data-element_type=\"widget\" data-widget_type=\"text-editor.default\">\n\t\t\t\t<div class=\"elementor-widget-container\">\n\t\t\t\t\t\t\t\t\t<p>A klub hossz\u00fat\u00e1v\u00fa strat\u00e9gi\u00e1val rendelkezik Ez egy cselekv\u00e9si terven alapszik, ami az aktu\u00e1lis helyzetek elemz\u00e9s\u00e9n \u00e9s folytonos fejl\u0151d\u00e9si sz\u00e1nd\u00e9kon alapszik. A klub biztos\u00edtja a magas sz\u00ednvonal\u00fa tev\u00e9kenys\u00e9gnek az alapjait a toborz\u00e1s, fejleszt\u00e9s \u00e9s a j\u00e1t\u00e9kosok megtart\u00e1s\u00e1nak tekintet\u00e9ben is.\u00a0<\/p>\t\t\t\t\t\t\t\t<\/div>\n\t\t\t\t<\/div>\n\t\t\t\t<div class=\"elementor-element elementor-element-6ae8155 elementor-widget elementor-widget-heading\" data-id=\"6ae8155\" data-element_type=\"widget\" data-widget_type=\"heading.default\">\n\t\t\t\t<div class=\"elementor-widget-container\">\n\t\t\t\t\t<h4 class=\"elementor-heading-title elementor-size-default\">B\u00fcszkes\u00e9g<\/h4>\t\t\t\t<\/div>\n\t\t\t\t<\/div>\n\t\t\t\t<div class=\"elementor-element elementor-element-a2752a5 elementor-widget elementor-widget-text-editor\" data-id=\"a2752a5\" data-element_type=\"widget\" data-widget_type=\"text-editor.default\">\n\t\t\t\t<div class=\"elementor-widget-container\">\n\t\t\t\t\t\t\t\t\t<p>A klub hossz\u00fat\u00e1v\u00fa strat\u00e9gi\u00e1val rendelkezik Ez egy cselekv\u00e9si terven alapszik, ami az aktu\u00e1lis helyzetek elemz\u00e9s\u00e9n \u00e9s folytonos fejl\u0151d\u00e9si sz\u00e1nA Gyergy\u00f3i Hoki Klub Juniornak egy b\u00fcszke \u00f6r\u00f6ks\u00e9ge \u00e9s k\u00edv\u00e1ns\u00e1ga van, hogy akt\u00edv munk\u00e1val \u00e9s gondoskod\u00e1ssal fejlessze a hossz\u00fa \u00e9veken \u00e1t fel\u00e9p\u00edtett gyergy\u00f3i j\u00e9gkorong kult\u00far\u00e1t. A klub vezet\u0151 szerepet t\u00f6lt be a sport\u00e1gban, ami a fiatalokkal val\u00f3 munk\u00e1t illeti.d\u00e9kon alapszik. A klub biztos\u00edtja a magas sz\u00ednvonal\u00fa tev\u00e9kenys\u00e9gnek az alapjait a toborz\u00e1s, fejleszt\u00e9s \u00e9s a j\u00e1t\u00e9kosok megtart\u00e1s\u00e1nak tekintet\u00e9ben is.\u00a0<\/p>\t\t\t\t\t\t\t\t<\/div>\n\t\t\t\t<\/div>\n\t\t\t\t\t<\/div>\n\t\t\t\t<\/div>\n\t\t<div class=\"elementor-element elementor-element-1cfb4eb e-flex e-con-boxed e-con e-parent\" data-id=\"1cfb4eb\" data-element_type=\"container\">\n\t\t\t\t\t<div class=\"e-con-inner\">\n\t\t\t\t<div class=\"elementor-element elementor-element-889bae9 elementor-widget elementor-widget-heading\" data-id=\"889bae9\" data-element_type=\"widget\" data-widget_type=\"heading.default\">\n\t\t\t\t<div class=\"elementor-widget-container\">\n\t\t\t\t\t<h3 class=\"elementor-heading-title elementor-size-default\">\u00c1ltal\u00e1nos tervek:<\/h3>\t\t\t\t<\/div>\n\t\t\t\t<\/div>\n\t\t\t\t<div class=\"elementor-element elementor-element-4c4c8be elementor-widget elementor-widget-text-editor\" data-id=\"4c4c8be\" data-element_type=\"widget\" data-widget_type=\"text-editor.default\">\n\t\t\t\t<div class=\"elementor-widget-container\">\n\t\t\t\t\t\t\t\t\t<ul><li>A Gyergy\u00f3i Hoki Klubnak feladata, hogy a k\u00f6z\u00f6ss\u00e9g megtart\u00f3 erej\u00e9t er\u0151s\u00edtve folytassa a tev\u00e9kenys\u00e9g\u00e9t.\u00a0\u00a0<\/li><li>A Gyergy\u00f3i Hoki Klubnak n\u00f6velnie kell az akt\u00edv j\u00e1t\u00e9kosok \u00e9s szakemberek sz\u00e1m\u00e1t, akik k\u00fcl\u00f6nb\u00f6z\u0151 szinteken dolgoznak.\u00a0\u00a0<\/li><li>A Gyergy\u00f3i Hoki Klubnak biztos\u00edtania kell az elit j\u00e1t\u00e9kosoknak a megfelel\u0151 felt\u00e9teleket.\u00a0<\/li><li>A Gyergy\u00f3i Hoki Klub megszervezi az akt\u00edv toborz\u00e1st a hoki- \u00e9s korisuliba bekapcsolhat\u00f3 gyerekek k\u00f6r\u00e9ben.\u00a0\u00a0<\/li><\/ul>\t\t\t\t\t\t\t\t<\/div>\n\t\t\t\t<\/div>\n\t\t\t\t\t<\/div>\n\t\t\t\t<\/div>\n\t\t\t\t<\/div>\n\t\t","protected":false},"excerpt":{"rendered":"<p>K\u00fcldet\u00e9s\u00fcnk A Gyergy\u00f3i Hoki Klub Junior eg\u00e9sz tev\u00e9kenys\u00e9g\u00e9ben az egym\u00e1s ir\u00e1nti tiszteletet, a vid\u00e1ms\u00e1got, a sportol\u00e1s \u00f6r\u00f6m\u00e9t tartja legfontosabb alappill\u00e9r\u00e9nek, gyerekek, serd\u00fcl\u0151k \u00e9s ifj\u00fas\u00e1gi kor\u00fa j\u00e9gkorongoz\u00f3k fejleszt\u00e9s\u00e9n dolgozik. Sz\u00edvesen fogadunk sorainkba mindenkit, aki j\u00e9gkorongozni szeretne, csapatainkhoz k\u00edv\u00e1n tartozni edz\u00e9seinken \u00e9s a m\u00e9rk\u0151z\u00e9seken.\u00a0 Ugyanakkor olyan min\u0151s\u00e9gi munk\u00e1t v\u00e9gz\u00fcnk, ami megteremti a lehet\u0151s\u00e9get arra, hogy a n\u00e1lunk&hellip;<\/p>\n","protected":false},"author":1,"featured_media":0,"parent":0,"menu_order":0,"comment_status":"closed","ping_status":"closed","template":"elementor_header_footer","meta":{"footnotes":""},"class_list":["post-94203","page","type-page","status-publish","hentry"],"_links":{"self":[{"href":"https:\/\/gyergyoihoki.ro\/junior\/wp-json\/wp\/v2\/pages\/94203","targetHints":{"allow":["GET"]}}],"collection":[{"href":"https:\/\/gyergyoihoki.ro\/junior\/wp-json\/wp\/v2\/pages"}],"about":[{"href":"https:\/\/gyergyoihoki.ro\/junior\/wp-json\/wp\/v2\/types\/page"}],"author":[{"embeddable":true,"href":"https:\/\/gyergyoihoki.ro\/junior\/wp-json\/wp\/v2\/users\/1"}],"replies":[{"embeddable":true,"href":"https:\/\/gyergyoihoki.ro\/junior\/wp-json\/wp\/v2\/comments?post=94203"}],"version-history":[{"count":48,"href":"https:\/\/gyergyoihoki.ro\/junior\/wp-json\/wp\/v2\/pages\/94203\/revisions"}],"predecessor-version":[{"id":97621,"href":"https:\/\/gyergyoihoki.ro\/junior\/wp-json\/wp\/v2\/pages\/94203\/revisions\/97621"}],"wp:attachment":[{"href":"https:\/\/gyergyoihoki.ro\/junior\/wp-json\/wp\/v2\/media?parent=94203"}],"curies":[{"name":"wp","href":"https:\/\/api.w.org\/{rel}","templated":true}]}}